{"id":51,"date":"2022-07-07T16:39:43","date_gmt":"2022-07-07T14:39:43","guid":{"rendered":"http:\/\/julienbatis.fr\/index.php\/brite\/"},"modified":"2025-01-22T18:05:41","modified_gmt":"2025-01-22T17:05:41","slug":"brite","status":"publish","type":"page","link":"https:\/\/julienbatis.fr\/","title":{"rendered":"Accueil"},"content":{"rendered":"\n<blockquote class=\"wp-block-quote is-layout-flow wp-block-quote-is-layout-flow\">\n<h2 class=\"wp-block-heading has-text-align-center\">Bonjour \u00e0 toutes et \u00e0 tous,<\/h2>\n\n\n\n<p class=\"has-text-align-center\">Le dernier roman \u00ab Une part d&rsquo;ombre \u00bb est d&rsquo;ores et d\u00e9j\u00e0 disponible sur Amazon. <a href=\"https:\/\/www.amazon.fr\/Une-part-dombre-Julien-BATIS\/dp\/B0DQ4SJR6H?ref_=ast_author_dp&amp;dib=eyJ2IjoiMSJ9.iNhwMKrxHXlIS7a9QHuTrZym8HY3-VI0JGB3iHYlrCBZ5OffmEDfc5QBArxfh1IvSLA_wS-1bsrsakvTOw29XI2_NkbivFkoA81z-uGKKD9jNqGRTbxukK3_YNhKb3g1.wvzsjAILDLnpJD3EKSy101P4KAb_pxaiBSbQPiVPdIo&amp;dib_tag=AUTHOR\" data-type=\"link\" data-id=\"https:\/\/www.amazon.fr\/Une-part-dombre-Julien-BATIS\/dp\/B0DQ4SJR6H?ref_=ast_author_dp&amp;dib=eyJ2IjoiMSJ9.iNhwMKrxHXlIS7a9QHuTrZym8HY3-VI0JGB3iHYlrCBZ5OffmEDfc5QBArxfh1IvSLA_wS-1bsrsakvTOw29XI2_NkbivFkoA81z-uGKKD9jNqGRTbxukK3_YNhKb3g1.wvzsjAILDLnpJD3EKSy101P4KAb_pxaiBSbQPiVPdIo&amp;dib_tag=AUTHOR\">Commandez-le<\/a> d\u00e8s maintenant !<\/p>\n\n\n\n<p class=\"has-text-align-center\">Soyez les premiers \u00e0 \u00eatre inform\u00e9s de la sortie de mes prochains livres :<\/p>\n\n\n\n<p class=\"has-text-align-center\"><a href=\"https:\/\/julienbatis.fr\/?page_id=199\">Je m&rsquo;inscris gratuitement<\/a><\/p>\n\n\n\n<figure class=\"wp-block-video\"><video height=\"1080\" style=\"aspect-ratio: 1920 \/ 1080;\" width=\"1920\" controls src=\"http:\/\/julienbatis.fr\/wp-content\/uploads\/2025\/01\/bande-annonce-une-part-dombre.mp4\"><\/video><\/figure>\n\n\n\n<p class=\"has-text-align-center\"><\/p>\n\n\n\n<p class=\"has-text-align-center\"><a href=\"https:\/\/www.editions-maia.com\/livre\/de-lautre-cote-julien-batis-9782384413362\" target=\"_blank\" rel=\"noreferrer noopener\"><a href=\"https:\/\/www.editions-maia.com\/livre\/de-lautre-cote-julien-batis-9782384413362\" target=\"_blank\" rel=\"noreferrer noopener\"><\/a><\/a><\/p>\n<\/blockquote>\n","protected":false},"excerpt":{"rendered":"","protected":false},"author":1,"featured_media":0,"parent":0,"menu_order":0,"comment_status":"closed","ping_status":"closed","template":"page-templates\/homepage.php","meta":{"footnotes":""},"class_list":["post-51","page","type-page","status-publish","hentry"],"_links":{"self":[{"href":"https:\/\/julienbatis.fr\/index.php\/wp-json\/wp\/v2\/pages\/51","targetHints":{"allow":["GET"]}}],"collection":[{"href":"https:\/\/julienbatis.fr\/index.php\/wp-json\/wp\/v2\/pages"}],"about":[{"href":"https:\/\/julienbatis.fr\/index.php\/wp-json\/wp\/v2\/types\/page"}],"author":[{"embeddable":true,"href":"https:\/\/julienbatis.fr\/index.php\/wp-json\/wp\/v2\/users\/1"}],"replies":[{"embeddable":true,"href":"https:\/\/julienbatis.fr\/index.php\/wp-json\/wp\/v2\/comments?post=51"}],"version-history":[{"count":5,"href":"https:\/\/julienbatis.fr\/index.php\/wp-json\/wp\/v2\/pages\/51\/revisions"}],"predecessor-version":[{"id":220,"href":"https:\/\/julienbatis.fr\/index.php\/wp-json\/wp\/v2\/pages\/51\/revisions\/220"}],"wp:attachment":[{"href":"https:\/\/julienbatis.fr\/index.php\/wp-json\/wp\/v2\/media?parent=51"}],"curies":[{"name":"wp","href":"https:\/\/api.w.org\/{rel}","templated":true}]}}