{"id":149,"date":"2022-07-11T16:16:16","date_gmt":"2022-07-11T14:16:16","guid":{"rendered":"http:\/\/julienbatis.fr\/?page_id=149"},"modified":"2023-02-02T19:06:06","modified_gmt":"2023-02-02T18:06:06","slug":"mon-autobiographie","status":"publish","type":"page","link":"https:\/\/julienbatis.fr\/index.php\/mon-autobiographie\/","title":{"rendered":"Mon autobiographie"},"content":{"rendered":"\n<figure class=\"wp-block-image size-medium\"><img loading=\"lazy\" decoding=\"async\" width=\"204\" height=\"300\" src=\"http:\/\/julienbatis.fr\/wp-content\/uploads\/2022\/07\/51wCOhFURoL-204x300.jpg\" alt=\"\" class=\"wp-image-135\" srcset=\"https:\/\/julienbatis.fr\/wp-content\/uploads\/2022\/07\/51wCOhFURoL-204x300.jpg 204w, https:\/\/julienbatis.fr\/wp-content\/uploads\/2022\/07\/51wCOhFURoL.jpg 332w\" sizes=\"auto, (max-width: 204px) 100vw, 204px\" \/><\/figure>\n\n\n\n<p>\u00ab\u00a0Un sourire contraint handicap\u00a0\u00bb est le tout premier livre que j&rsquo;ai \u00e9crit. C&rsquo;est un ouvrage autobiographique dans lequel je raconte et donne mes impressions sur les premi\u00e8res ann\u00e9es de ma vie. <a href=\"https:\/\/www.amazon.fr\/sourire-contre-handicap-Lapprentissage-dune\/dp\/1475249918\/ref=sr_1_2?crid=2Z4ZFCCF4NKTR&amp;keywords=julien+batis&amp;qid=1657548615&amp;sprefix=%2Caps%2C71&amp;sr=8-2\" target=\"_blank\" rel=\"noreferrer noopener\">Cliquez ici<\/a> pour l&rsquo;acheter<\/p>\n","protected":false},"excerpt":{"rendered":"<p>\u00ab\u00a0Un sourire contraint handicap\u00a0\u00bb est le tout premier livre que j&rsquo;ai \u00e9crit. C&rsquo;est un ouvrage autobiographique dans lequel je raconte et donne mes impressions sur les premi\u00e8res ann\u00e9es de ma vie. Cliquez ici pour l&rsquo;acheter<\/p>\n","protected":false},"author":1,"featured_media":0,"parent":0,"menu_order":0,"comment_status":"closed","ping_status":"closed","template":"","meta":{"footnotes":""},"class_list":["post-149","page","type-page","status-publish","hentry"],"_links":{"self":[{"href":"https:\/\/julienbatis.fr\/index.php\/wp-json\/wp\/v2\/pages\/149","targetHints":{"allow":["GET"]}}],"collection":[{"href":"https:\/\/julienbatis.fr\/index.php\/wp-json\/wp\/v2\/pages"}],"about":[{"href":"https:\/\/julienbatis.fr\/index.php\/wp-json\/wp\/v2\/types\/page"}],"author":[{"embeddable":true,"href":"https:\/\/julienbatis.fr\/index.php\/wp-json\/wp\/v2\/users\/1"}],"replies":[{"embeddable":true,"href":"https:\/\/julienbatis.fr\/index.php\/wp-json\/wp\/v2\/comments?post=149"}],"version-history":[{"count":3,"href":"https:\/\/julienbatis.fr\/index.php\/wp-json\/wp\/v2\/pages\/149\/revisions"}],"predecessor-version":[{"id":177,"href":"https:\/\/julienbatis.fr\/index.php\/wp-json\/wp\/v2\/pages\/149\/revisions\/177"}],"wp:attachment":[{"href":"https:\/\/julienbatis.fr\/index.php\/wp-json\/wp\/v2\/media?parent=149"}],"curies":[{"name":"wp","href":"https:\/\/api.w.org\/{rel}","templated":true}]}}